{"id":494,"date":"2024-01-08T02:06:50","date_gmt":"2024-01-08T00:06:50","guid":{"rendered":"https:\/\/hempplantuniverse.com\/?post_type=product&#038;p=494"},"modified":"2024-11-14T00:56:46","modified_gmt":"2024-11-13T22:56:46","slug":"t-shirt-alien","status":"publish","type":"product","link":"https:\/\/hempplantuniverse.com\/lt\/produktas\/t-shirt-alien\/","title":{"rendered":"T-shirt \"Alien\""},"content":{"rendered":"","protected":false},"excerpt":{"rendered":"<p>U\u017esakant drabu\u017eius pra\u0161ome atkreipti d\u0117mes\u012f \u012f drabu\u017ei\u0173 dyd\u017ei\u0173 lentel\u0119 ir pasirinkti tinkam\u0105 dyd\u012f tiksliai pagal j\u016bs\u0173 norimus i\u0161matavimus. Naudokit\u0117s drabu\u017ei\u0173 ilgio ir kr\u016btin\u0117s matmenimis (cm), kurie nurodyti lentel\u0117je. Drabu\u017eiai n\u0117ra atgal priimami jei u\u017esisakysite netinkam\u0105 dyd\u012f.<\/p>","protected":false},"featured_media":1145,"comment_status":"open","ping_status":"closed","template":"","meta":{"_acf_changed":false,"_seopress_robots_primary_cat":"none","_seopress_titles_title":"","_seopress_titles_desc":"","_seopress_robots_index":"","inline_featured_image":false},"product_brand":[],"product_cat":[25],"product_tag":[],"class_list":{"0":"post-494","1":"product","2":"type-product","3":"status-publish","4":"has-post-thumbnail","6":"product_cat-clothes","8":"first","9":"instock","10":"shipping-taxable","11":"purchasable","12":"product-type-variable"},"acf":[],"aioseo_notices":[],"_links":{"self":[{"href":"https:\/\/hempplantuniverse.com\/lt\/wp-json\/wp\/v2\/product\/494","targetHints":{"allow":["GET"]}}],"collection":[{"href":"https:\/\/hempplantuniverse.com\/lt\/wp-json\/wp\/v2\/product"}],"about":[{"href":"https:\/\/hempplantuniverse.com\/lt\/wp-json\/wp\/v2\/types\/product"}],"replies":[{"embeddable":true,"href":"https:\/\/hempplantuniverse.com\/lt\/wp-json\/wp\/v2\/comments?post=494"}],"wp:featuredmedia":[{"embeddable":true,"href":"https:\/\/hempplantuniverse.com\/lt\/wp-json\/wp\/v2\/media\/1145"}],"wp:attachment":[{"href":"https:\/\/hempplantuniverse.com\/lt\/wp-json\/wp\/v2\/media?parent=494"}],"wp:term":[{"taxonomy":"product_brand","embeddable":true,"href":"https:\/\/hempplantuniverse.com\/lt\/wp-json\/wp\/v2\/product_brand?post=494"},{"taxonomy":"product_cat","embeddable":true,"href":"https:\/\/hempplantuniverse.com\/lt\/wp-json\/wp\/v2\/product_cat?post=494"},{"taxonomy":"product_tag","embeddable":true,"href":"https:\/\/hempplantuniverse.com\/lt\/wp-json\/wp\/v2\/product_tag?post=494"}],"curies":[{"name":"wp","href":"https:\/\/api.w.org\/{rel}","templated":true}]}}